{"id":2,"date":"2016-05-10T03:48:21","date_gmt":"2016-05-10T03:48:21","guid":{"rendered":"http:\/\/www.edleaussicht.de\/?page_id=2"},"modified":"2024-10-31T15:21:26","modified_gmt":"2024-10-31T14:21:26","slug":"sample-page","status":"publish","type":"page","link":"https:\/\/edleaussicht.de\/","title":{"rendered":"Wir \u00fcber uns"},"content":{"rendered":"<p>Wir sind ein Verein, der sich der F\u00f6rderung der Mitmenschlichkeit verschrieben hat.<\/p>\n<p>In diesem Sinne bietet der Verein Edle Aussicht e.V. gleichgesinnten Vereinen eine Heimat, sei es fallweise oder permanent.<\/p>\n<p>Das Raumangebot besteht aus einem 90\u00a0m\u00b2 gro\u00dfen Seminarraum, einer K\u00fcche, Toiletten, einer Garderobe und Aufbewahrungsr\u00e4umen f\u00fcr die Requisiten von Dauermietern.<\/p>\n<p>Die R\u00e4ume eignen sich f\u00fcr Seminare und Schulungen, Yoga, Meditation, begrenzt auch als Musik-\u00dcbungsr\u00e4ume.<br \/>\nDie Anbindung an \u00f6ffentliche Verkehrsmittel (\u00d6PNV) \u00a0ist vorhanden. Das Vereinsheim befindet sich im Industriegebiet Haid.<\/p>\n<p>Teilen Sie uns Ihr Projekt mit und wir finden ein Arrangement.<\/p>\n","protected":false},"excerpt":{"rendered":"<p>Wir sind ein Verein, der sich der F\u00f6rderung der Mitmenschlichkeit verschrieben hat. In diesem Sinne bietet der Verein Edle Aussicht e.V. gleichgesinnten Vereinen eine Heimat, sei es fallweise oder permanent. Das Raumangebot besteht aus einem 90\u00a0m\u00b2 gro\u00dfen Seminarraum, einer K\u00fcche, &hellip; <a href=\"https:\/\/edleaussicht.de\/\">Weiterlesen <span class=\"meta-nav\">&rarr;<\/span><\/a><\/p>\n","protected":false},"author":1,"featured_media":0,"parent":0,"menu_order":0,"comment_status":"closed","ping_status":"closed","template":"","meta":{"footnotes":""},"class_list":["post-2","page","type-page","status-publish","hentry"],"jetpack_sharing_enabled":true,"_links":{"self":[{"href":"https:\/\/edleaussicht.de\/index.php?rest_route=\/wp\/v2\/pages\/2","targetHints":{"allow":["GET"]}}],"collection":[{"href":"https:\/\/edleaussicht.de\/index.php?rest_route=\/wp\/v2\/pages"}],"about":[{"href":"https:\/\/edleaussicht.de\/index.php?rest_route=\/wp\/v2\/types\/page"}],"author":[{"embeddable":true,"href":"https:\/\/edleaussicht.de\/index.php?rest_route=\/wp\/v2\/users\/1"}],"replies":[{"embeddable":true,"href":"https:\/\/edleaussicht.de\/index.php?rest_route=%2Fwp%2Fv2%2Fcomments&post=2"}],"version-history":[{"count":13,"href":"https:\/\/edleaussicht.de\/index.php?rest_route=\/wp\/v2\/pages\/2\/revisions"}],"predecessor-version":[{"id":292,"href":"https:\/\/edleaussicht.de\/index.php?rest_route=\/wp\/v2\/pages\/2\/revisions\/292"}],"wp:attachment":[{"href":"https:\/\/edleaussicht.de\/index.php?rest_route=%2Fwp%2Fv2%2Fmedia&parent=2"}],"curies":[{"name":"wp","href":"https:\/\/api.w.org\/{rel}","templated":true}]}}